{"id":942,"date":"2024-04-23T12:46:32","date_gmt":"2024-04-23T10:46:32","guid":{"rendered":"https:\/\/jobit.unizd.hr\/?page_id=942"},"modified":"2025-04-01T19:05:49","modified_gmt":"2025-04-01T17:05:49","slug":"prijava-tvrtke","status":"publish","type":"page","link":"https:\/\/jobit.unizd.hr\/index.php\/prijava-tvrtke\/","title":{"rendered":"Prijava za tvrtke"},"content":{"rendered":"<p>[et_pb_section fb_built=&#8221;1&#8243; custom_padding_last_edited=&#8221;on|phone&#8221; _builder_version=&#8221;4.24.2&#8243; _module_preset=&#8221;default&#8221; background_color=&#8221;#8ebcdb&#8221; background_enable_mask_style=&#8221;on&#8221; background_mask_style=&#8221;corner-square&#8221; custom_margin_tablet=&#8221;||-10px||false|false&#8221; custom_margin_phone=&#8221;||-10px||false|false&#8221; custom_margin_last_edited=&#8221;on|phone&#8221; custom_padding=&#8221;||0px||false|false&#8221; custom_padding_tablet=&#8221;0px||||false|false&#8221; custom_padding_phone=&#8221;0px||||false|false&#8221; global_colors_info=&#8221;{}&#8221;][et_pb_row _builder_version=&#8221;4.24.2&#8243; _module_preset=&#8221;default&#8221; global_colors_info=&#8221;{}&#8221;][et_pb_column type=&#8221;4_4&#8243; _builder_version=&#8221;4.24.2&#8243; _module_preset=&#8221;default&#8221; global_colors_info=&#8221;{}&#8221;][et_pb_heading title=&#8221;Prijava za tvrtke&#8221; _builder_version=&#8221;4.24.2&#8243; _module_preset=&#8221;default&#8221; title_font=&#8221;Jura|700|||||||&#8221; title_text_color=&#8221;#000000&#8243; title_font_size=&#8221;80px&#8221; title_font_size_tablet=&#8221;60px&#8221; title_font_size_phone=&#8221;40px&#8221; title_font_size_last_edited=&#8221;on|phone&#8221; global_colors_info=&#8221;{}&#8221;][\/et_pb_heading][\/et_pb_column][\/et_pb_row][\/et_pb_section][et_pb_section fb_built=&#8221;1&#8243; disabled_on=&#8221;off|off|off&#8221; _builder_version=&#8221;4.24.2&#8243; _module_preset=&#8221;default&#8221; custom_padding=&#8221;0px||0px||false|false&#8221; global_colors_info=&#8221;{}&#8221;][et_pb_row _builder_version=&#8221;4.24.2&#8243; _module_preset=&#8221;default&#8221; global_colors_info=&#8221;{}&#8221; custom_padding=&#8221;80px|||||&#8221;][et_pb_column type=&#8221;4_4&#8243; _builder_version=&#8221;4.24.2&#8243; _module_preset=&#8221;default&#8221; global_colors_info=&#8221;{}&#8221;][et_pb_text disabled_on=&#8221;off|off|on&#8221; _builder_version=&#8221;4.24.2&#8243; _module_preset=&#8221;default&#8221; text_font=&#8221;Jura|500|||||||&#8221; text_text_color=&#8221;#000000&#8243; text_font_size=&#8221;17px&#8221; animation_style=&#8221;fade&#8221; hover_enabled=&#8221;0&#8243; locked=&#8221;off&#8221; global_colors_info=&#8221;{}&#8221; sticky_enabled=&#8221;0&#8243;]<\/p>\n<p>Prijavite<b>\u00a0sudjelovanje <\/b>na JobIT 2025, danu IT karijera u organizaciji Stru\u010dnog preddiplomskog studija Informacijske tehnologije Sveu\u010dili\u0161ta u Zadru.<\/p>\n<p>JobIT 2025. vam omogu\u0107uje<b>\u00a0potpuno besplatno\u00a0sudjelovanje<\/b> u na <strong>tre\u0107em<\/strong> JobIT danu karijera te predstavljanje na vlastitom \u0161tandu (\u0161tand trebate sami urediti).<\/p>\n<p>Ukratko opi\u0161ite svoju tvrtku ili organizaciju kako bismo vas pribli\u017eili potencijalnim posloprimcima i \u010dim kvalitetnije predstavili na webu te ostalim promotivnim materijalima.<\/p>\n<p><strong>S kona\u010dnom potvrdom sudjelovanja i svim potrebnim detaljima javit \u0107emo se na registriranu email adresu u najkra\u0107em mogu\u0107em roku!<\/strong><\/p>\n<p>[\/et_pb_text][\/et_pb_column][\/et_pb_row][\/et_pb_section][et_pb_section fb_built=&#8221;1&#8243; disabled_on=&#8221;on|on|on&#8221; _builder_version=&#8221;4.24.2&#8243; _module_preset=&#8221;default&#8221; custom_padding=&#8221;0px||||false|false&#8221; disabled=&#8221;on&#8221; global_colors_info=&#8221;{}&#8221;][et_pb_row _builder_version=&#8221;4.24.2&#8243; _module_preset=&#8221;default&#8221; global_colors_info=&#8221;{}&#8221;][et_pb_column type=&#8221;4_4&#8243; _builder_version=&#8221;4.24.2&#8243; _module_preset=&#8221;default&#8221; global_colors_info=&#8221;{}&#8221;][et_pb_text _builder_version=&#8221;4.24.2&#8243; _module_preset=&#8221;default&#8221; text_font=&#8221;Jura||||||||&#8221; text_text_color=&#8221;#000000&#8243; text_font_size=&#8221;20px&#8221; global_colors_info=&#8221;{}&#8221;]<\/p>\n<p>Prijave na JobIT 2025. su zatvorene.<\/p>\n<p>Vidimo se dogodine!<\/p>\n<p>[\/et_pb_text][\/et_pb_column][\/et_pb_row][\/et_pb_section][et_pb_section fb_built=&#8221;1&#8243; disabled_on=&#8221;off|off|off&#8221; _builder_version=&#8221;4.24.2&#8243; custom_margin=&#8221;||||false|false&#8221; custom_padding=&#8221;0px||||false|false&#8221; global_colors_info=&#8221;{}&#8221;][et_pb_row column_structure=&#8221;1_2,1_2&#8243; _builder_version=&#8221;4.16&#8243; background_size=&#8221;initial&#8221; background_position=&#8221;top_left&#8221; background_repeat=&#8221;repeat&#8221; global_colors_info=&#8221;{}&#8221;][et_pb_column type=&#8221;1_2&#8243; _builder_version=&#8221;4.16&#8243; custom_padding=&#8221;|||&#8221; global_colors_info=&#8221;{}&#8221; custom_padding__hover=&#8221;|||&#8221;][et_pb_text _builder_version=&#8221;4.24.2&#8243; text_font=&#8221;Poppins||||||||&#8221; text_text_color=&#8221;#000000&#8243; header_font=&#8221;Jura||||||||&#8221; header_text_color=&#8221;#000000&#8243; background_size=&#8221;initial&#8221; background_position=&#8221;top_left&#8221; background_repeat=&#8221;repeat&#8221; animation_style=&#8221;flip&#8221; global_colors_info=&#8221;{}&#8221;]<\/p>\n<div class=\"forminator-ui forminator-custom-form forminator-custom-form-567 forminator-design--flat  forminator_ajax\" data-forminator-render=\"0\" data-form=\"forminator-module-567\" data-uid=\"69f5759ef3fe0\"><br\/><\/div><form\n\t\t\t\tid=\"forminator-module-567\"\n\t\t\t\tclass=\"forminator-ui forminator-custom-form forminator-custom-form-567 forminator-design--flat  forminator_ajax\"\n\t\t\t\tmethod=\"post\"\n\t\t\t\tdata-forminator-render=\"0\"\n\t\t\t\tdata-form-id=\"567\"\n\t\t\t\t\n\t\t\t\tdata-design=\"flat\"\n\t\t\t\t\n\t\t\t\t\n\t\t\t\t\n\t\t\t\tdata-grid=\"open\"\n\t\t\t\tenctype=\"multipart\/form-data\"\n\t\t\t\t\n\t\t\t\tstyle=\"display: none;\"\n\t\t\t\t\n\t\t\t\tdata-uid=\"69f5759ef3fe0\"\n\t\t\t><div role=\"alert\" aria-live=\"polite\" class=\"forminator-response-message forminator-error\" aria-hidden=\"true\"><\/div><div class=\"forminator-row\"><div id=\"email-1\" class=\"forminator-field-email forminator-col forminator-col-12 \"><div class=\"forminator-field\"><label for=\"forminator-field-email-1_69f5759ef3fe0\" id=\"forminator-field-email-1_69f5759ef3fe0-label\" class=\"forminator-label\">Adresa e-po\u0161te <span class=\"forminator-required\">*<\/span><\/label><input type=\"email\" name=\"email-1\" value=\"\" placeholder=\"Va\u0161a e-po\u0161ta\" id=\"forminator-field-email-1_69f5759ef3fe0\" class=\"forminator-input forminator-email--field\" data-required=\"1\" aria-required=\"true\" \/><\/div><\/div><\/div><div class=\"forminator-row\"><div id=\"name-1\" class=\"forminator-field-name forminator-col forminator-col-12 \"><div class=\"forminator-field\"><label for=\"forminator-field-name-1_69f5759ef3fe0\" id=\"forminator-field-name-1_69f5759ef3fe0-label\" class=\"forminator-label\">Naziv va\u0161e organizcije <span class=\"forminator-required\">*<\/span><\/label><input type=\"text\" name=\"name-1\" value=\"\" placeholder=\"Va\u0161 odgovor\" id=\"forminator-field-name-1_69f5759ef3fe0\" class=\"forminator-input forminator-name--field\" aria-required=\"true\" \/><\/div><\/div><\/div><div class=\"forminator-row\"><div id=\"name-2\" class=\"forminator-field-name forminator-col forminator-col-12 \"><div class=\"forminator-field\"><label for=\"forminator-field-name-2_69f5759ef3fe0\" id=\"forminator-field-name-2_69f5759ef3fe0-label\" class=\"forminator-label\">Kontakt osoba<\/label><input type=\"text\" name=\"name-2\" value=\"\" placeholder=\"Va\u0161 odgovor\" id=\"forminator-field-name-2_69f5759ef3fe0\" class=\"forminator-input forminator-name--field\" aria-required=\"false\" aria-describedby=\"forminator-field-name-2_69f5759ef3fe0-description\" \/><span id=\"forminator-field-name-2_69f5759ef3fe0-description\" class=\"forminator-description\">Prezime, Ime \/ E-po\u0161ta \/ Telefon<\/span><\/div><\/div><\/div><div class=\"forminator-row\"><div id=\"name-3\" class=\"forminator-field-name forminator-col forminator-col-12 \"><div class=\"forminator-field\"><label for=\"forminator-field-name-3_69f5759ef3fe0\" id=\"forminator-field-name-3_69f5759ef3fe0-label\" class=\"forminator-label\">Slogan ili moto organizacije<\/label><input type=\"text\" name=\"name-3\" value=\"\" placeholder=\"Va\u0161 odgovor\" id=\"forminator-field-name-3_69f5759ef3fe0\" class=\"forminator-input forminator-name--field\" aria-required=\"false\" \/><\/div><\/div><\/div><div class=\"forminator-row\"><div id=\"textarea-1\" class=\"forminator-field-textarea forminator-col forminator-col-12 \"><div class=\"forminator-field\"><label for=\"forminator-field-textarea-1_69f5759ef3fe0\" id=\"forminator-field-textarea-1_69f5759ef3fe0-label\" class=\"forminator-label\">Kratki opis organizacije<\/label><textarea name=\"textarea-1\" placeholder=\"Va\u0161 odgovor\" id=\"forminator-field-textarea-1_69f5759ef3fe0\" class=\"forminator-textarea\" rows=\"6\" style=\"min-height:140px;\" aria-describedby=\"forminator-field-textarea-1_69f5759ef3fe0-description\" ><\/textarea><span id=\"forminator-field-textarea-1_69f5759ef3fe0-description\" class=\"forminator-description\">do 300 rije\u010di<\/span><\/div><\/div><\/div><div class=\"forminator-row\"><div id=\"upload-1\" class=\"forminator-field-upload forminator-col forminator-col-12 \"><div class=\"forminator-field\"><label for=\"forminator-field-upload-1_69f5759ef3fe0\" id=\"forminator-field-upload-1_69f5759ef3fe0-label\" class=\"forminator-label\">Logo organizacije<\/label><div class=\"forminator-file-upload \" data-element=\"upload-1_69f5759ef3fe0\" aria-describedby=\"forminator-field-upload-1_69f5759ef3fe0-description\"><input type=\"file\" name=\"upload-1\" id=\"forminator-field-upload-1_69f5759ef3fe0\" class=\"forminator-input-file\" accept=\".jpg,.jpeg,.jpe,.gif,.png,.bmp,.tiff,.tif,.webp,.avif,.ico,.heic,.css,.htm,.html,.dfxp,.js,.psd,.xcf\"><button id=\"forminator-field-upload-1_69f5759ef3fe0_button\" class=\"forminator-button forminator-button-upload\" data-id=\"forminator-field-upload-1_69f5759ef3fe0\">Choose File<\/button><span data-empty-text=\"No file chosen\">No file chosen<\/span><button class=\"forminator-button-delete\" style=\"display: none;\"><i class=\"forminator-icon-close\" aria-hidden=\"true\"><\/i><span class=\"forminator-screen-reader-only\">Delete uploaded file<\/span><\/button><\/div><\/div><\/div><\/div><div class=\"forminator-row\"><div id=\"name-4\" class=\"forminator-field-name forminator-col forminator-col-12 \"><div class=\"forminator-field\"><label for=\"forminator-field-name-4_69f5759ef3fe0\" id=\"forminator-field-name-4_69f5759ef3fe0-label\" class=\"forminator-label\">Link(ovi)<\/label><input type=\"text\" name=\"name-4\" value=\"\" placeholder=\"Va\u0161 odgovor\" id=\"forminator-field-name-4_69f5759ef3fe0\" class=\"forminator-input forminator-name--field\" aria-required=\"false\" aria-describedby=\"forminator-field-name-4_69f5759ef3fe0-description\" \/><span id=\"forminator-field-name-4_69f5759ef3fe0-description\" class=\"forminator-description\">Prema potrebi mo\u017eete navesti i ve\u0107i broj poveznica<\/span><\/div><\/div><\/div><div class=\"forminator-row\"><div id=\"radio-2\" class=\"forminator-field-radio forminator-col forminator-col-12 \"><div role=\"radiogroup\" class=\"forminator-field\" aria-labelledby=\"forminator-radiogroup-69f5759ef3fe0-label\" aria-describedby=\"forminator-radiogroup-69f5759ef3fe0-description\"><span id=\"forminator-radiogroup-69f5759ef3fe0-label\" class=\"forminator-label\">Trebate li \u0161tand za predstavljanje tvrtke\/organizacije uz pomo\u0107 tiskanih\/digitalnih promo-materijala, odnosno mjesto gdje mo\u017eete u\u017eivo predstaviti svoje proizvode\/usluge te porazgovarati sa studentima i drugim potencijalnim posloprimcima? (broj \u0161tandova je ograni\u010den i dodijelit \u0107emo ih besplatno po na\u010delu &quot;tko prvi...&quot;) <span class=\"forminator-required\">*<\/span><\/span><label id=\"forminator-field-radio-2-label-1\" for=\"forminator-field-radio-2-1-69f5759ef3fe0\" class=\"forminator-radio\" title=\"Da\"><input type=\"radio\" name=\"radio-2\" value=\"one\" id=\"forminator-field-radio-2-1-69f5759ef3fe0\" aria-labelledby=\"forminator-field-radio-2-label-1\" data-calculation=\"0\"   data-hidden-behavior=\"zero\" aria-describedby=\"forminator-field-radio-2-69f5759ef3fe0-description\"\/><span class=\"forminator-radio-bullet\" aria-hidden=\"true\"><\/span><span class=\"forminator-radio-label\">Da<\/span><\/label><label id=\"forminator-field-radio-2-label-2\" for=\"forminator-field-radio-2-2-69f5759ef3fe0\" class=\"forminator-radio\" title=\"Ne\"><input type=\"radio\" name=\"radio-2\" value=\"two\" id=\"forminator-field-radio-2-2-69f5759ef3fe0\" aria-labelledby=\"forminator-field-radio-2-label-2\" data-calculation=\"0\"   data-hidden-behavior=\"zero\" aria-describedby=\"forminator-field-radio-2-69f5759ef3fe0-description\"\/><span class=\"forminator-radio-bullet\" aria-hidden=\"true\"><\/span><span class=\"forminator-radio-label\">Ne<\/span><\/label><\/div><\/div><\/div><div class=\"forminator-row\"><div id=\"textarea-2\" class=\"forminator-field-textarea forminator-col forminator-col-12 \"><div class=\"forminator-field\"><label for=\"forminator-field-textarea-2_69f5759ef3fe0\" id=\"forminator-field-textarea-2_69f5759ef3fe0-label\" class=\"forminator-label\">Ukratko opi\u0161ite kako planirate koristiti \u0161tand i koja vam je oprema potrebna<\/label><textarea name=\"textarea-2\" placeholder=\"Va\u0161 odgovor\" id=\"forminator-field-textarea-2_69f5759ef3fe0\" class=\"forminator-textarea\" rows=\"6\" style=\"min-height:140px;\" aria-describedby=\"forminator-field-textarea-2_69f5759ef3fe0-description\" ><\/textarea><span id=\"forminator-field-textarea-2_69f5759ef3fe0-description\" class=\"forminator-description\">Nastojat \u0107emo osigurati sve \u0161to je u na\u0161oj mogu\u0107nosti, npr. uti\u010dnice, produ\u017eni kablovi, Wi-Fi i sl.<\/span><\/div><\/div><\/div><div class=\"forminator-row\"><div id=\"textarea-3\" class=\"forminator-field-textarea forminator-col forminator-col-12 \"><div class=\"forminator-field\"><label for=\"forminator-field-textarea-3_69f5759ef3fe0\" id=\"forminator-field-textarea-3_69f5759ef3fe0-label\" class=\"forminator-label\">Poziv sudionicima, npr. za\u0161to bi netko trebao posjetiti va\u0161 \u0161tand?<\/label><textarea name=\"textarea-3\" placeholder=\"Va\u0161 odgovor\" id=\"forminator-field-textarea-3_69f5759ef3fe0\" class=\"forminator-textarea\" rows=\"6\" style=\"min-height:140px;\" aria-describedby=\"forminator-field-textarea-3_69f5759ef3fe0-description\" ><\/textarea><span id=\"forminator-field-textarea-3_69f5759ef3fe0-description\" class=\"forminator-description\">Do 100 rije\u010di<\/span><\/div><\/div><\/div><div class=\"forminator-row\"><div id=\"select-1\" class=\"forminator-field-select forminator-col forminator-col-12 \"><div class=\"forminator-field\"><label for=\"forminator-form-567__field--select-1_69f5759ef3fe0\" id=\"forminator-form-567__field--select-1_69f5759ef3fe0-label\" class=\"forminator-label\">Koliko osoba iz va\u0161e tvrtke\/organizacije planirate uklju\u010diti u JobIT 2025? <span class=\"forminator-required\">*<\/span><\/label><select id=\"forminator-form-567__field--select-1_69f5759ef3fe0\" class=\"forminator-select--field forminator-select2\" data-required=\"1\" name=\"select-1\" data-default-value=\"\" data-hidden-behavior=\"zero\" data-placeholder=\"Odaberi\" data-search=\"false\" aria-labelledby=\"forminator-form-567__field--select-1_69f5759ef3fe0-label\" aria-describedby=\"forminator-form-567__field--select-1_69f5759ef3fe0-description\"><option value=\"\">Odaberi<\/option><option value=\"one\"  data-calculation=\"0\">1<\/option><option value=\"two\"  data-calculation=\"0\">2<\/option><option value=\"3\"  data-calculation=\"0\">3<\/option><option value=\"4\"  data-calculation=\"0\">4<\/option><option value=\"5\"  data-calculation=\"0\">5<\/option><option value=\"6\"  data-calculation=\"0\">6<\/option><option value=\"7\"  data-calculation=\"0\">7<\/option><option value=\"8\"  data-calculation=\"0\">8<\/option><option value=\"9\"  data-calculation=\"0\">9<\/option><option value=\"10\"  data-calculation=\"0\">10<\/option><\/select><\/div><\/div><\/div><div class=\"forminator-row\"><div id=\"captcha-1\" class=\"forminator-field-captcha forminator-col forminator-col-12 \"><div class=\"forminator-g-recaptcha recaptcha-invisible\" data-theme=\"light\" data-badge=\"bottomright\" data-sitekey=\"6LeAFbEpAAAAAHY6Xw3S8I2E7Gl9Lks_hOZed4Zx\" data-size=\"invisible\"><\/div> <\/div><\/div><input type=\"hidden\" name=\"referer_url\" value=\"\" \/><div class=\"forminator-row forminator-row-last\"><div class=\"forminator-col\"><div class=\"forminator-field\"><button class=\"forminator-button forminator-button-submit\">Podnesi prijavu<\/button><\/div><\/div><\/div><input type=\"hidden\" id=\"forminator_nonce\" name=\"forminator_nonce\" value=\"dbdab9c2f9\" \/><input type=\"hidden\" name=\"_wp_http_referer\" value=\"\/index.php\/wp-json\/wp\/v2\/pages\/942\" \/><input type=\"hidden\" name=\"form_id\" value=\"567\"><input type=\"hidden\" name=\"page_id\" value=\"942\"><input type=\"hidden\" name=\"form_type\" value=\"default\"><input type=\"hidden\" name=\"current_url\" value=\"https:\/\/jobit.unizd.hr\/index.php\/prijava-tvrtke\/\"><input type=\"hidden\" name=\"render_id\" value=\"0\"><input type=\"hidden\" name=\"action\" value=\"forminator_submit_form_custom-forms\"><\/form>\n<p>[\/et_pb_text][\/et_pb_column][et_pb_column type=&#8221;1_2&#8243; _builder_version=&#8221;4.16&#8243; custom_padding=&#8221;|||&#8221; global_colors_info=&#8221;{}&#8221; custom_padding__hover=&#8221;|||&#8221;][et_pb_text disabled_on=&#8221;on|on|off&#8221; _builder_version=&#8221;4.24.2&#8243; _module_preset=&#8221;default&#8221; text_font=&#8221;Jura|500|||||||&#8221; text_text_color=&#8221;#000000&#8243; text_font_size=&#8221;20px&#8221; animation_style=&#8221;flip&#8221; hover_enabled=&#8221;0&#8243; global_colors_info=&#8221;{}&#8221; sticky_enabled=&#8221;0&#8243;]<\/p>\n<p>Prijavite<b>\u00a0sudjelovanje <\/b>na JobIT 2025, danu IT karijera u organizaciji Stru\u010dnog preddiplomskog studija Informacijske tehnologije Sveu\u010dili\u0161ta u Zadru.<\/p>\n<p>JobIT 2025. vam omogu\u0107uje<b>\u00a0potpuno besplatno\u00a0sudjelovanje<\/b> u na <strong>tre\u0107em<\/strong> JobIT danu karijera te predstavljanje na vlastitom \u0161tandu (\u0161tand trebate sami urediti).<\/p>\n<p>Ukratko opi\u0161ite svoju tvrtku ili organizaciju kako bismo vas pribli\u017eili potencijalnim posloprimcima i \u010dim kvalitetnije predstavili na webu te ostalim promotivnim materijalima.<\/p>\n<p><strong>S kona\u010dnom potvrdom sudjelovanja i svim potrebnim detaljima javit \u0107emo se na registriranu email adresu u najkra\u0107em mogu\u0107em roku!<\/strong><\/p>\n<div>\n<\/div>\n<p>[\/et_pb_text][\/et_pb_column][\/et_pb_row][\/et_pb_section]<\/p>\n","protected":false},"excerpt":{"rendered":"<p>Prijavite\u00a0sudjelovanje na JobIT 2025, danu IT karijera u organizaciji Stru\u010dnog preddiplomskog studija Informacijske tehnologije Sveu\u010dili\u0161ta u Zadru. JobIT 2025. vam omogu\u0107uje\u00a0potpuno besplatno\u00a0sudjelovanje u na tre\u0107em JobIT danu karijera te predstavljanje na vlastitom \u0161tandu (\u0161tand trebate sami urediti). Ukratko opi\u0161ite svoju tvrtku ili organizaciju kako bismo vas pribli\u017eili potencijalnim posloprimcima i \u010dim kvalitetnije predstavili na webu [&hellip;]<\/p>\n","protected":false},"author":1,"featured_media":0,"parent":0,"menu_order":0,"comment_status":"closed","ping_status":"closed","template":"","meta":{"_et_pb_use_builder":"on","_et_pb_old_content":"","_et_gb_content_width":"","footnotes":""},"class_list":["post-942","page","type-page","status-publish","hentry"],"_links":{"self":[{"href":"https:\/\/jobit.unizd.hr\/index.php\/wp-json\/wp\/v2\/pages\/942","targetHints":{"allow":["GET"]}}],"collection":[{"href":"https:\/\/jobit.unizd.hr\/index.php\/wp-json\/wp\/v2\/pages"}],"about":[{"href":"https:\/\/jobit.unizd.hr\/index.php\/wp-json\/wp\/v2\/types\/page"}],"author":[{"embeddable":true,"href":"https:\/\/jobit.unizd.hr\/index.php\/wp-json\/wp\/v2\/users\/1"}],"replies":[{"embeddable":true,"href":"https:\/\/jobit.unizd.hr\/index.php\/wp-json\/wp\/v2\/comments?post=942"}],"version-history":[{"count":12,"href":"https:\/\/jobit.unizd.hr\/index.php\/wp-json\/wp\/v2\/pages\/942\/revisions"}],"predecessor-version":[{"id":1217,"href":"https:\/\/jobit.unizd.hr\/index.php\/wp-json\/wp\/v2\/pages\/942\/revisions\/1217"}],"wp:attachment":[{"href":"https:\/\/jobit.unizd.hr\/index.php\/wp-json\/wp\/v2\/media?parent=942"}],"curies":[{"name":"wp","href":"https:\/\/api.w.org\/{rel}","templated":true}]}}