{"id":705,"date":"2024-04-08T23:39:11","date_gmt":"2024-04-08T21:39:11","guid":{"rendered":"https:\/\/jobit.unizd.hr\/?page_id=705"},"modified":"2025-05-05T11:54:41","modified_gmt":"2025-05-05T09:54:41","slug":"o-sit-u","status":"publish","type":"page","link":"https:\/\/jobit.unizd.hr\/index.php\/o-sit-u\/","title":{"rendered":"O SIT-u"},"content":{"rendered":"<p>[et_pb_section fb_built=&#8221;1&#8243; next_background_color=&#8221;#0c4685&#8243; _builder_version=&#8221;4.24.2&#8243; _module_preset=&#8221;default&#8221; background_color=&#8221;rgba(110,123,170,0.64)&#8221; background_enable_mask_style=&#8221;on&#8221; background_mask_style=&#8221;diagonal-pills&#8221; background_mask_size=&#8221;cover&#8221; custom_padding=&#8221;0px||||false|false&#8221; bottom_divider_style=&#8221;curve&#8221; background_color_tablet=&#8221;RGBA(255,255,255,0)&#8221; background_last_edited=&#8221;on|tablet&#8221; background_enable_color_tablet=&#8221;on&#8221; background_enable_mask_style_tablet=&#8221;off&#8221; global_colors_info=&#8221;{}&#8221;][et_pb_row _builder_version=&#8221;4.24.2&#8243; _module_preset=&#8221;default&#8221; custom_padding=&#8221;||0px||false|false&#8221; global_colors_info=&#8221;{}&#8221;][et_pb_column type=&#8221;4_4&#8243; _builder_version=&#8221;4.24.2&#8243; _module_preset=&#8221;default&#8221; global_colors_info=&#8221;{}&#8221;][et_pb_heading title=&#8221;Studij Informacijske tehnologije&#8221; _builder_version=&#8221;4.24.2&#8243; _module_preset=&#8221;default&#8221; title_font=&#8221;Jura|600|||||||&#8221; title_text_color=&#8221;#000000&#8243; title_font_size=&#8221;80px&#8221; custom_margin_tablet=&#8221;&#8221; custom_margin_phone=&#8221;||-40px||false|false&#8221; custom_margin_last_edited=&#8221;on|phone&#8221; custom_padding_tablet=&#8221;&#8221; custom_padding_phone=&#8221;||||false|false&#8221; custom_padding_last_edited=&#8221;on|desktop&#8221; animation_style=&#8221;fade&#8221; title_text_align_tablet=&#8221;center&#8221; title_text_align_phone=&#8221;center&#8221; title_text_align_last_edited=&#8221;on|desktop&#8221; title_font_size_tablet=&#8221;50px&#8221; title_font_size_phone=&#8221;40px&#8221; title_font_size_last_edited=&#8221;on|desktop&#8221; global_colors_info=&#8221;{}&#8221;][\/et_pb_heading][\/et_pb_column][\/et_pb_row][et_pb_row column_structure=&#8221;1_2,1_2&#8243; _builder_version=&#8221;4.24.2&#8243; _module_preset=&#8221;default&#8221; animation_style=&#8221;flip&#8221; global_colors_info=&#8221;{}&#8221;][et_pb_column type=&#8221;1_2&#8243; _builder_version=&#8221;4.24.2&#8243; _module_preset=&#8221;default&#8221; global_colors_info=&#8221;{}&#8221;][et_pb_code raw_content_tablet=&#8221;<svg\n   version=%221.1%22\n   id=%22svg2%22\n   width=%22290%22\n   height=%22200%22\n   viewBox=%220 0 1355.7312 647.8761%22\n   xml:space=%22preserve%22\n   xmlns=%22http:\/\/www.w3.org\/2000\/svg%22\n   xmlns:svg=%22http:\/\/www.w3.org\/2000\/svg%22><defs\n     id=%22defs6%22 \/><g\n     id=%22g8%22\n     transform=%22translate(-86.277527,-80.329285)%22><circle\n       style=%22fill:#0c4685;fill-opacity:1;stroke-width:2.8106;stroke-linecap:round;stroke-linejoin:round%22\n       id=%22path347-5-6%22\n       cx=%22481.24805%22\n       cy=%22403.96548%22\n       r=%22323.6362%22 \/><circle\n       style=%22fill:#6e7baa;fill-opacity:1;stroke-width:0.622769;stroke-linecap:round;stroke-linejoin:round%22\n       id=%22path347-4-5-4%22\n       cx=%22894.99512%22\n       cy=%22184.61382%22\n       r=%2271.710999%22 \/><rect\n       style=%22fill:#0c4685;fill-opacity:1;stroke-width:3.07001;stroke-linecap:round;stroke-linejoin:round%22\n       id=%22rect401-2-16-7%22\n       width=%22143.42169%22\n       height=%22458.65485%22\n       x=%221138.0649%22\n       y=%22269.55057%22\n       ry=%2271.710846%22 \/><rect\n       style=%22fill:#0c4685;fill-opacity:1;stroke-width:3.07001;stroke-linecap:round;stroke-linejoin:round%22\n       id=%22rect401-2-9-3-8%22\n       width=%22143.42169%22\n       height=%22458.65485%22\n       x=%22269.55032%22\n       y=%22-1442.0088%22\n       ry=%2271.710846%22\n       transform=%22rotate(90)%22 \/><rect\n       style=%22fill:#6e7baa;fill-opacity:1;stroke-width:3.37038;stroke-linecap:round;stroke-linejoin:round%22\n       id=%22rect401-2-6-6-9-2-4%22\n       width=%22143.42169%22\n       height=%22552.79132%22\n       x=%22496.78079%22\n       y=%22-639.06885%22\n       ry=%2271.710846%22\n       transform=%22rotate(90)%22 \/><path\n       id=%22path347-5-6-5%22\n       style=%22fill:#6e7baa;fill-opacity:1;stroke-width:2.8106;stroke-linecap:round;stroke-linejoin:round%22\n       d=%22m 437.15669,269.55064 c -39.7278,0 -71.7109,31.9832 -71.7109,71.7109 0,39.7278 31.9831,71.711 71.7109,71.711 h 367.2559 a 323.6362,323.6362 0 0 0 0.6445,-9.0059 323.6362,323.6362 0 0 0 -29.3184,-134.416 z%22 \/><rect\n       style=%22fill:#0c4685;fill-opacity:1;stroke-width:3.07001;stroke-linecap:round;stroke-linejoin:round%22\n       id=%22rect401-2-6-3-8%22\n       width=%22143.42169%22\n       height=%22458.65485%22\n       x=%22823.28418%22\n       y=%22269.55057%22\n       ry=%2271.710846%22 \/><circle\n       style=%22fill:#0c4685;fill-opacity:1;stroke-width:0.398437;stroke-linecap:round;stroke-linejoin:round%22\n       id=%22path347-5-4-62%22\n       cx=%22913.50977%22\n       cy=%22202.53325%22\n       r=%2245.879505%22 \/><circle\n       style=%22fill:#6e7baa;fill-opacity:1;stroke-width:0.622769;stroke-linecap:round;stroke-linejoin:round%22\n       id=%22path347-4-5-9-28%22\n       cx=%221370.1841%22\n       cy=%22656.12372%22\n       r=%2271.710999%22 \/><circle\n       style=%22fill:#0c4685;fill-opacity:1;stroke-width:0.398437;stroke-linecap:round;stroke-linejoin:round%22\n       id=%22path347-5-4-9-0%22\n       cx=%221388.6982%22\n       cy=%22674.04303%22\n       r=%2245.879505%22 \/><\/g><\/svg><br \/>\n&#8221; raw_content_phone=&#8221;<svg\n   version=%221.1%22\n   id=%22svg2%22\n   width=%22240%22\n   height=%22240%22\n   viewBox=%220 0 1355.7312 647.8761%22\n   xml:space=%22preserve%22\n   xmlns=%22http:\/\/www.w3.org\/2000\/svg%22\n   xmlns:svg=%22http:\/\/www.w3.org\/2000\/svg%22><defs\n     id=%22defs6%22 \/><g\n     id=%22g8%22\n     transform=%22translate(-86.277527,-80.329285)%22><circle\n       style=%22fill:#0c4685;fill-opacity:1;stroke-width:2.8106;stroke-linecap:round;stroke-linejoin:round%22\n       id=%22path347-5-6%22\n       cx=%22481.24805%22\n       cy=%22403.96548%22\n       r=%22323.6362%22 \/><circle\n       style=%22fill:#6e7baa;fill-opacity:1;stroke-width:0.622769;stroke-linecap:round;stroke-linejoin:round%22\n       id=%22path347-4-5-4%22\n       cx=%22894.99512%22\n       cy=%22184.61382%22\n       r=%2271.710999%22 \/><rect\n       style=%22fill:#0c4685;fill-opacity:1;stroke-width:3.07001;stroke-linecap:round;stroke-linejoin:round%22\n       id=%22rect401-2-16-7%22\n       width=%22143.42169%22\n       height=%22458.65485%22\n       x=%221138.0649%22\n       y=%22269.55057%22\n       ry=%2271.710846%22 \/><rect\n       style=%22fill:#0c4685;fill-opacity:1;stroke-width:3.07001;stroke-linecap:round;stroke-linejoin:round%22\n       id=%22rect401-2-9-3-8%22\n       width=%22143.42169%22\n       height=%22458.65485%22\n       x=%22269.55032%22\n       y=%22-1442.0088%22\n       ry=%2271.710846%22\n       transform=%22rotate(90)%22 \/><rect\n       style=%22fill:#6e7baa;fill-opacity:1;stroke-width:3.37038;stroke-linecap:round;stroke-linejoin:round%22\n       id=%22rect401-2-6-6-9-2-4%22\n       width=%22143.42169%22\n       height=%22552.79132%22\n       x=%22496.78079%22\n       y=%22-639.06885%22\n       ry=%2271.710846%22\n       transform=%22rotate(90)%22 \/><path\n       id=%22path347-5-6-5%22\n       style=%22fill:#6e7baa;fill-opacity:1;stroke-width:2.8106;stroke-linecap:round;stroke-linejoin:round%22\n       d=%22m 437.15669,269.55064 c -39.7278,0 -71.7109,31.9832 -71.7109,71.7109 0,39.7278 31.9831,71.711 71.7109,71.711 h 367.2559 a 323.6362,323.6362 0 0 0 0.6445,-9.0059 323.6362,323.6362 0 0 0 -29.3184,-134.416 z%22 \/><rect\n       style=%22fill:#0c4685;fill-opacity:1;stroke-width:3.07001;stroke-linecap:round;stroke-linejoin:round%22\n       id=%22rect401-2-6-3-8%22\n       width=%22143.42169%22\n       height=%22458.65485%22\n       x=%22823.28418%22\n       y=%22269.55057%22\n       ry=%2271.710846%22 \/><circle\n       style=%22fill:#0c4685;fill-opacity:1;stroke-width:0.398437;stroke-linecap:round;stroke-linejoin:round%22\n       id=%22path347-5-4-62%22\n       cx=%22913.50977%22\n       cy=%22202.53325%22\n       r=%2245.879505%22 \/><circle\n       style=%22fill:#6e7baa;fill-opacity:1;stroke-width:0.622769;stroke-linecap:round;stroke-linejoin:round%22\n       id=%22path347-4-5-9-28%22\n       cx=%221370.1841%22\n       cy=%22656.12372%22\n       r=%2271.710999%22 \/><circle\n       style=%22fill:#0c4685;fill-opacity:1;stroke-width:0.398437;stroke-linecap:round;stroke-linejoin:round%22\n       id=%22path347-5-4-9-0%22\n       cx=%221388.6982%22\n       cy=%22674.04303%22\n       r=%2245.879505%22 \/><\/g><\/svg><br \/>\n&#8221; raw_content_last_edited=&#8221;on|tablet&#8221; _builder_version=&#8221;4.24.2&#8243; _module_preset=&#8221;default&#8221; text_orientation=&#8221;center&#8221; global_colors_info=&#8221;{}&#8221;]<svg<!-- [et_pb_line_break_holder] -->   version=&#8221;1.1&#8243;<!-- [et_pb_line_break_holder] -->   id=&#8221;svg2&#8243;<!-- [et_pb_line_break_holder] -->   width=&#8221;290&#8243;<!-- [et_pb_line_break_holder] -->   height=&#8221;290&#8243;<!-- [et_pb_line_break_holder] -->   viewBox=&#8221;0 0 1355.7312 647.8761&#8243;<!-- [et_pb_line_break_holder] -->   xml:space=&#8221;preserve&#8221;<!-- [et_pb_line_break_holder] -->   xmlns=&#8221;http:\/\/www.w3.org\/2000\/svg&#8221;<!-- [et_pb_line_break_holder] -->   xmlns:svg=&#8221;http:\/\/www.w3.org\/2000\/svg&#8221;><defs<!-- [et_pb_line_break_holder] -->     id=&#8221;defs6&#8243; \/><g<!-- [et_pb_line_break_holder] -->     id=&#8221;g8&#8243;<!-- [et_pb_line_break_holder] -->     transform=&#8221;translate(-86.277527,-80.329285)&#8221;><circle<!-- [et_pb_line_break_holder] -->       style=&#8221;fill:#0c4685;fill-opacity:1;stroke-width:2.8106;stroke-linecap:round;stroke-linejoin:round&#8221;<!-- [et_pb_line_break_holder] -->       id=&#8221;path347-5-6&#8243;<!-- [et_pb_line_break_holder] -->       cx=&#8221;481.24805&#8243;<!-- [et_pb_line_break_holder] -->       cy=&#8221;403.96548&#8243;<!-- [et_pb_line_break_holder] -->       r=&#8221;323.6362&#8243; \/><circle<!-- [et_pb_line_break_holder] -->       style=&#8221;fill:#6e7baa;fill-opacity:1;stroke-width:0.622769;stroke-linecap:round;stroke-linejoin:round&#8221;<!-- [et_pb_line_break_holder] -->       id=&#8221;path347-4-5-4&#8243;<!-- [et_pb_line_break_holder] -->       cx=&#8221;894.99512&#8243;<!-- [et_pb_line_break_holder] -->       cy=&#8221;184.61382&#8243;<!-- [et_pb_line_break_holder] -->       r=&#8221;71.710999&#8243; \/><rect<!-- [et_pb_line_break_holder] -->       style=&#8221;fill:#0c4685;fill-opacity:1;stroke-width:3.07001;stroke-linecap:round;stroke-linejoin:round&#8221;<!-- [et_pb_line_break_holder] -->       id=&#8221;rect401-2-16-7&#8243;<!-- [et_pb_line_break_holder] -->       width=&#8221;143.42169&#8243;<!-- [et_pb_line_break_holder] -->       height=&#8221;458.65485&#8243;<!-- [et_pb_line_break_holder] -->       x=&#8221;1138.0649&#8243;<!-- [et_pb_line_break_holder] -->       y=&#8221;269.55057&#8243;<!-- [et_pb_line_break_holder] -->       ry=&#8221;71.710846&#8243; \/><rect<!-- [et_pb_line_break_holder] -->       style=&#8221;fill:#0c4685;fill-opacity:1;stroke-width:3.07001;stroke-linecap:round;stroke-linejoin:round&#8221;<!-- [et_pb_line_break_holder] -->       id=&#8221;rect401-2-9-3-8&#8243;<!-- [et_pb_line_break_holder] -->       width=&#8221;143.42169&#8243;<!-- [et_pb_line_break_holder] -->       height=&#8221;458.65485&#8243;<!-- [et_pb_line_break_holder] -->       x=&#8221;269.55032&#8243;<!-- [et_pb_line_break_holder] -->       y=&#8221;-1442.0088&#8243;<!-- [et_pb_line_break_holder] -->       ry=&#8221;71.710846&#8243;<!-- [et_pb_line_break_holder] -->       transform=&#8221;rotate(90)&#8221; \/><rect<!-- [et_pb_line_break_holder] -->       style=&#8221;fill:#6e7baa;fill-opacity:1;stroke-width:3.37038;stroke-linecap:round;stroke-linejoin:round&#8221;<!-- [et_pb_line_break_holder] -->       id=&#8221;rect401-2-6-6-9-2-4&#8243;<!-- [et_pb_line_break_holder] -->       width=&#8221;143.42169&#8243;<!-- [et_pb_line_break_holder] -->       height=&#8221;552.79132&#8243;<!-- [et_pb_line_break_holder] -->       x=&#8221;496.78079&#8243;<!-- [et_pb_line_break_holder] -->       y=&#8221;-639.06885&#8243;<!-- [et_pb_line_break_holder] -->       ry=&#8221;71.710846&#8243;<!-- [et_pb_line_break_holder] -->       transform=&#8221;rotate(90)&#8221; \/><path<!-- [et_pb_line_break_holder] -->       id=&#8221;path347-5-6-5&#8243;<!-- [et_pb_line_break_holder] -->       style=&#8221;fill:#6e7baa;fill-opacity:1;stroke-width:2.8106;stroke-linecap:round;stroke-linejoin:round&#8221;<!-- [et_pb_line_break_holder] -->       d=&#8221;m 437.15669,269.55064 c -39.7278,0 -71.7109,31.9832 -71.7109,71.7109 0,39.7278 31.9831,71.711 71.7109,71.711 h 367.2559 a 323.6362,323.6362 0 0 0 0.6445,-9.0059 323.6362,323.6362 0 0 0 -29.3184,-134.416 z&#8221; \/><rect<!-- [et_pb_line_break_holder] -->       style=&#8221;fill:#0c4685;fill-opacity:1;stroke-width:3.07001;stroke-linecap:round;stroke-linejoin:round&#8221;<!-- [et_pb_line_break_holder] -->       id=&#8221;rect401-2-6-3-8&#8243;<!-- [et_pb_line_break_holder] -->       width=&#8221;143.42169&#8243;<!-- [et_pb_line_break_holder] -->       height=&#8221;458.65485&#8243;<!-- [et_pb_line_break_holder] -->       x=&#8221;823.28418&#8243;<!-- [et_pb_line_break_holder] -->       y=&#8221;269.55057&#8243;<!-- [et_pb_line_break_holder] -->       ry=&#8221;71.710846&#8243; \/><circle<!-- [et_pb_line_break_holder] -->       style=&#8221;fill:#0c4685;fill-opacity:1;stroke-width:0.398437;stroke-linecap:round;stroke-linejoin:round&#8221;<!-- [et_pb_line_break_holder] -->       id=&#8221;path347-5-4-62&#8243;<!-- [et_pb_line_break_holder] -->       cx=&#8221;913.50977&#8243;<!-- [et_pb_line_break_holder] -->       cy=&#8221;202.53325&#8243;<!-- [et_pb_line_break_holder] -->       r=&#8221;45.879505&#8243; \/><circle<!-- [et_pb_line_break_holder] -->       style=&#8221;fill:#6e7baa;fill-opacity:1;stroke-width:0.622769;stroke-linecap:round;stroke-linejoin:round&#8221;<!-- [et_pb_line_break_holder] -->       id=&#8221;path347-4-5-9-28&#8243;<!-- [et_pb_line_break_holder] -->       cx=&#8221;1370.1841&#8243;<!-- [et_pb_line_break_holder] -->       cy=&#8221;656.12372&#8243;<!-- [et_pb_line_break_holder] -->       r=&#8221;71.710999&#8243; \/><circle<!-- [et_pb_line_break_holder] -->       style=&#8221;fill:#0c4685;fill-opacity:1;stroke-width:0.398437;stroke-linecap:round;stroke-linejoin:round&#8221;<!-- [et_pb_line_break_holder] -->       id=&#8221;path347-5-4-9-0&#8243;<!-- [et_pb_line_break_holder] -->       cx=&#8221;1388.6982&#8243;<!-- [et_pb_line_break_holder] -->       cy=&#8221;674.04303&#8243;<!-- [et_pb_line_break_holder] -->       r=&#8221;45.879505&#8243; \/><\/g><\/svg><!-- [et_pb_line_break_holder] -->[\/et_pb_code][\/et_pb_column][et_pb_column type=&#8221;1_2&#8243; _builder_version=&#8221;4.24.2&#8243; _module_preset=&#8221;default&#8221; global_colors_info=&#8221;{}&#8221;][et_pb_text _builder_version=&#8221;4.24.2&#8243; _module_preset=&#8221;default&#8221; text_font=&#8221;Jura|600|||||||&#8221; text_text_color=&#8221;#000000&#8243; text_font_size=&#8221;24px&#8221; custom_margin_tablet=&#8221;||||false|false&#8221; custom_margin_phone=&#8221;-40px||||false|false&#8221; custom_margin_last_edited=&#8221;on|phone&#8221; custom_padding=&#8221;50px||||false|false&#8221; custom_padding_tablet=&#8221;0px||||false|false&#8221; custom_padding_phone=&#8221;&#8221; custom_padding_last_edited=&#8221;on|phone&#8221; text_font_size_tablet=&#8221;19px&#8221; text_font_size_phone=&#8221;16px&#8221; text_font_size_last_edited=&#8221;on|phone&#8221; text_orientation_tablet=&#8221;center&#8221; text_orientation_phone=&#8221;center&#8221; text_orientation_last_edited=&#8221;on|desktop&#8221; global_colors_info=&#8221;{}&#8221;]<\/p>\n<p>Stru\u010dni prijediplomski studij Informacijske tehnologije Sveu\u010dili\u0161ta u Zadru je zdru\u017eeni studij kojeg izvode Pomorski odjel Sveu\u010dili\u0161ta u Zadru, Odjel za informacijske znanosti Sveu\u010dili\u0161ta u Zadru i Odjel za turizam i komunikacijske znanosti Sveu\u010dili\u0161ta u Zadru.<\/p>\n<p>[\/et_pb_text][et_pb_button button_url=&#8221;https:\/\/sit.unizd.hr\/&#8221; url_new_window=&#8221;on&#8221; button_text=&#8221;Stranice studija&#8221; button_alignment_tablet=&#8221;center&#8221; button_alignment_phone=&#8221;center&#8221; button_alignment_last_edited=&#8221;on|phone&#8221; _builder_version=&#8221;4.24.2&#8243; _module_preset=&#8221;default&#8221; custom_button=&#8221;on&#8221; button_text_color=&#8221;#FFFFFF&#8221; button_bg_color=&#8221;#0c4685&#8243; button_border_color=&#8221;RGBA(255,255,255,0)&#8221; global_colors_info=&#8221;{}&#8221;][\/et_pb_button][\/et_pb_column][\/et_pb_row][\/et_pb_section][et_pb_section fb_built=&#8221;1&#8243; custom_padding_last_edited=&#8221;on|tablet&#8221; _builder_version=&#8221;4.24.2&#8243; _module_preset=&#8221;default&#8221; background_color=&#8221;#0c4685&#8243; custom_margin_tablet=&#8221;&#8221; custom_margin_phone=&#8221;&#8221; custom_margin_last_edited=&#8221;on|tablet&#8221; custom_padding_tablet=&#8221;&#8221; custom_padding_phone=&#8221;0px||0px||false|false&#8221; global_colors_info=&#8221;{}&#8221;][et_pb_row custom_padding_last_edited=&#8221;on|tablet&#8221; _builder_version=&#8221;4.24.2&#8243; _module_preset=&#8221;default&#8221; custom_padding_tablet=&#8221;0px||0px||false|false&#8221; custom_padding_phone=&#8221;0px||0px||false|false&#8221; global_colors_info=&#8221;{}&#8221; locked=&#8221;off&#8221;][et_pb_column type=&#8221;4_4&#8243; _builder_version=&#8221;4.24.2&#8243; _module_preset=&#8221;default&#8221; global_colors_info=&#8221;{}&#8221;][et_pb_slider show_arrows_tablet=&#8221;&#8221; show_arrows_phone=&#8221;off&#8221; show_arrows_last_edited=&#8221;on|phone&#8221; _builder_version=&#8221;4.24.2&#8243; _module_preset=&#8221;default&#8221; header_font=&#8221;Jura|600|||||||&#8221; header_font_size=&#8221;50px&#8221; body_font_size=&#8221;16px&#8221; background_color=&#8221;#0c4685&#8243; custom_padding=&#8221;50px||50px||true|false&#8221; custom_padding_tablet=&#8221;0px||0px||true|false&#8221; custom_padding_phone=&#8221;0px||0px||true|false&#8221; custom_padding_last_edited=&#8221;on|tablet&#8221; animation_style=&#8221;fade&#8221; animation_duration=&#8221;1200ms&#8221; animation_delay=&#8221;200ms&#8221; header_font_size_tablet=&#8221;29px&#8221; header_font_size_phone=&#8221;35px&#8221; header_font_size_last_edited=&#8221;on|phone&#8221; body_font_size_tablet=&#8221;16px&#8221; body_font_size_phone=&#8221;18px&#8221; body_font_size_last_edited=&#8221;on|phone&#8221; global_colors_info=&#8221;{}&#8221;][et_pb_slide heading=&#8221;Dragi srednjo\u0161kolci,&#8221; button_text=&#8221;Pogledaj bro\u0161uru&#8221; button_link=&#8221;https:\/\/jobit.unizd.hr\/wp-content\/uploads\/2025\/05\/brosura.pdf&#8221; url_new_window=&#8221;on&#8221; image=&#8221;https:\/\/jobit.unizd.hr\/wp-content\/uploads\/2025\/05\/brosura_front.png&#8221; _builder_version=&#8221;4.24.2&#8243; _module_preset=&#8221;default&#8221; background_enable_color=&#8221;on&#8221; custom_padding=&#8221;100px||100px||true|false&#8221; global_colors_info=&#8221;{}&#8221; sticky_transition=&#8221;on&#8221;]<\/p>\n<p>Nadamo se da \u0107emo se nastaviti dru\u017eiti s vama i nakon JobIT-ja na na\u0161em studiju Informacijske tehnologije u Zadru. Za vas smo izdvojili posebnu bro\u0161uru s informacijama o studiju.<\/p>\n<p>[\/et_pb_slide][et_pb_slide heading=&#8221;Pogled u budu\u0107nost&#8221; button_text=&#8221;Pogledaj bro\u0161uru&#8221; button_link=&#8221;https:\/\/jobit.unizd.hr\/wp-content\/uploads\/2025\/05\/brosura.pdf&#8221; url_new_window=&#8221;on&#8221; image=&#8221;https:\/\/jobit.unizd.hr\/wp-content\/uploads\/2025\/05\/brosura_front2.png&#8221; _builder_version=&#8221;4.24.2&#8243; _module_preset=&#8221;default&#8221; global_colors_info=&#8221;{}&#8221; sticky_transition=&#8221;on&#8221;]<\/p>\n<p>U tri godine mo\u017ee se nau\u010diti jako puno. I ovu stranicu pomogli su napraviti na\u0161i studenti. Vidi\u0161 li se me\u0111u nama?<\/p>\n<p>[\/et_pb_slide][\/et_pb_slider][\/et_pb_column][\/et_pb_row][\/et_pb_section]<\/p>\n","protected":false},"excerpt":{"rendered":"<p>Stru\u010dni prijediplomski studij Informacijske tehnologije Sveu\u010dili\u0161ta u Zadru je zdru\u017eeni studij kojeg izvode Pomorski odjel Sveu\u010dili\u0161ta u Zadru, Odjel za informacijske znanosti Sveu\u010dili\u0161ta u Zadru i Odjel za turizam i komunikacijske znanosti Sveu\u010dili\u0161ta u Zadru.Nadamo se da \u0107emo se nastaviti dru\u017eiti s vama i nakon JobIT-ja na na\u0161em studiju Informacijske tehnologije u Zadru. Za vas [&hellip;]<\/p>\n","protected":false},"author":1,"featured_media":0,"parent":0,"menu_order":0,"comment_status":"closed","ping_status":"closed","template":"","meta":{"_et_pb_use_builder":"on","_et_pb_old_content":"","_et_gb_content_width":"","footnotes":""},"class_list":["post-705","page","type-page","status-publish","hentry"],"_links":{"self":[{"href":"https:\/\/jobit.unizd.hr\/index.php\/wp-json\/wp\/v2\/pages\/705","targetHints":{"allow":["GET"]}}],"collection":[{"href":"https:\/\/jobit.unizd.hr\/index.php\/wp-json\/wp\/v2\/pages"}],"about":[{"href":"https:\/\/jobit.unizd.hr\/index.php\/wp-json\/wp\/v2\/types\/page"}],"author":[{"embeddable":true,"href":"https:\/\/jobit.unizd.hr\/index.php\/wp-json\/wp\/v2\/users\/1"}],"replies":[{"embeddable":true,"href":"https:\/\/jobit.unizd.hr\/index.php\/wp-json\/wp\/v2\/comments?post=705"}],"version-history":[{"count":25,"href":"https:\/\/jobit.unizd.hr\/index.php\/wp-json\/wp\/v2\/pages\/705\/revisions"}],"predecessor-version":[{"id":1301,"href":"https:\/\/jobit.unizd.hr\/index.php\/wp-json\/wp\/v2\/pages\/705\/revisions\/1301"}],"wp:attachment":[{"href":"https:\/\/jobit.unizd.hr\/index.php\/wp-json\/wp\/v2\/media?parent=705"}],"curies":[{"name":"wp","href":"https:\/\/api.w.org\/{rel}","templated":true}]}}