{"id":258,"date":"2024-04-03T11:18:17","date_gmt":"2024-04-03T09:18:17","guid":{"rendered":"https:\/\/jobit.unizd.hr\/?page_id=258"},"modified":"2025-05-09T18:46:15","modified_gmt":"2025-05-09T16:46:15","slug":"prijava-kviz","status":"publish","type":"page","link":"https:\/\/jobit.unizd.hr\/index.php\/prijava-kviz\/","title":{"rendered":"Prijava na kviz"},"content":{"rendered":"<p>[et_pb_section fb_built=&#8221;1&#8243; custom_padding_last_edited=&#8221;on|phone&#8221; _builder_version=&#8221;4.24.2&#8243; _module_preset=&#8221;default&#8221; background_color=&#8221;#df5128&#8243; background_enable_mask_style=&#8221;on&#8221; background_mask_style=&#8221;corner-square&#8221; custom_margin_tablet=&#8221;||-10px||false|false&#8221; custom_margin_phone=&#8221;||-10px||false|false&#8221; custom_margin_last_edited=&#8221;on|phone&#8221; custom_padding=&#8221;||0px||false|false&#8221; custom_padding_tablet=&#8221;0px||0px||false|false&#8221; custom_padding_phone=&#8221;0px||0px||false|false&#8221; global_colors_info=&#8221;{}&#8221;][et_pb_row _builder_version=&#8221;4.24.2&#8243; _module_preset=&#8221;default&#8221; global_colors_info=&#8221;{}&#8221;][et_pb_column type=&#8221;4_4&#8243; _builder_version=&#8221;4.24.2&#8243; _module_preset=&#8221;default&#8221; global_colors_info=&#8221;{}&#8221;][et_pb_heading title=&#8221;Prijava na PubIT kviz&#8221; _builder_version=&#8221;4.24.2&#8243; _module_preset=&#8221;default&#8221; title_font=&#8221;Jura|700|||||||&#8221; title_font_size=&#8221;80px&#8221; title_font_size_tablet=&#8221;60px&#8221; title_font_size_phone=&#8221;40px&#8221; title_font_size_last_edited=&#8221;on|phone&#8221; global_colors_info=&#8221;{}&#8221;][\/et_pb_heading][\/et_pb_column][\/et_pb_row][\/et_pb_section][et_pb_section fb_built=&#8221;1&#8243; disabled_on=&#8221;off|off|off&#8221; _builder_version=&#8221;4.24.2&#8243; _module_preset=&#8221;default&#8221; custom_margin=&#8221;0px||||false|false&#8221; custom_padding=&#8221;0px||||false|false&#8221; global_colors_info=&#8221;{}&#8221;][et_pb_row _builder_version=&#8221;4.24.2&#8243; _module_preset=&#8221;default&#8221; hover_enabled=&#8221;0&#8243; global_colors_info=&#8221;{}&#8221; sticky_enabled=&#8221;0&#8243;][et_pb_column type=&#8221;4_4&#8243; _builder_version=&#8221;4.24.2&#8243; _module_preset=&#8221;default&#8221; global_colors_info=&#8221;{}&#8221;][et_pb_text disabled_on=&#8221;off|off|off&#8221; _builder_version=&#8221;4.24.2&#8243; _module_preset=&#8221;default&#8221; text_font=&#8221;Jura||||||||&#8221; text_text_color=&#8221;#000000&#8243; text_font_size=&#8221;20px&#8221; text_line_height=&#8221;1.8em&#8221; hover_enabled=&#8221;0&#8243; global_colors_info=&#8221;{}&#8221; sticky_enabled=&#8221;0&#8243;]<\/p>\n<p>Zahvaljujemo svim prijavljenim timovima:<\/p>\n<p><em>Cognistadors<\/em><br \/><em>Cassandra<\/em><br \/><em>.#<\/em><br \/><em>KIM<\/em><br \/><em>Null pointeri<\/em><br \/><em>Toceni Psenicni Paulaner<\/em><br \/><em>Snjeguljica i Tri Patuljka<\/em><br \/><em>Zabranjeno Pu\u0161enje<\/em><br \/><em>TSND<\/em><\/p>\n<p>Nisu popunjena sva mjesta, tako da su online prijave jo\u0161 uvijek otvorene, a mo\u017eete se prijaviti i na licu mjesta! Vidimo se ve\u010deras u 19:30 u Guma baru!<\/p>\n<p>[\/et_pb_text][\/et_pb_column][\/et_pb_row][\/et_pb_section][et_pb_section fb_built=&#8221;1&#8243; disabled_on=&#8221;off|off|off&#8221; _builder_version=&#8221;4.24.2&#8243; _module_preset=&#8221;default&#8221; custom_margin=&#8221;||||false|false&#8221; custom_padding=&#8221;0px||0px||false|false&#8221; animation_style=&#8221;fade&#8221; global_colors_info=&#8221;{}&#8221;][et_pb_row disabled_on=&#8221;off|off|on&#8221; _builder_version=&#8221;4.24.2&#8243; _module_preset=&#8221;default&#8221; custom_padding=&#8221;0px||||false|false&#8221; global_colors_info=&#8221;{}&#8221;][et_pb_column type=&#8221;4_4&#8243; _builder_version=&#8221;4.24.2&#8243; _module_preset=&#8221;default&#8221; global_colors_info=&#8221;{}&#8221;][et_pb_text disabled_on=&#8221;off|off|on&#8221; _builder_version=&#8221;4.24.2&#8243; _module_preset=&#8221;default&#8221; text_font=&#8221;Jura||||||||&#8221; text_text_color=&#8221;#000000&#8243; text_font_size=&#8221;16px&#8221; custom_margin_tablet=&#8221;&#8221; custom_margin_phone=&#8221;&#8221; custom_margin_last_edited=&#8221;on|desktop&#8221; custom_padding=&#8221;30px||||false|false&#8221; text_font_size_tablet=&#8221;16px&#8221; text_font_size_phone=&#8221;17px&#8221; text_font_size_last_edited=&#8221;on|phone&#8221; locked=&#8221;off&#8221; global_colors_info=&#8221;{}&#8221;]<\/p>\n<p>Prijavite sudjelovanje na PubIT kvizu koji \u0107e se odr\u017eati <strong>9. 5. 2025.<\/strong> s po\u010detkom u <strong>19:30<\/strong> u <strong>GUMA Baru<\/strong> <em>(\u0160iroka ul. 18, 23000 Zadar)<\/em>.<\/p>\n<p><span>Ovogodi\u0161nji kviz organiziran je u suradnji s Kviza\u0161kom udrugom Zadar.<\/span><\/p>\n<p><strong>Prijave se zatvaraju 9.5.2025. u 15:00 sati!<\/strong><strong><\/strong><\/p>\n<p><strong>Timovi su \u010detvorke <\/strong>(maksimalno).<br \/>Ukupan broj timova bit \u0107e ograni\u010den u skladu s raspolo\u017eivim brojem stolova, stoga <strong>po\u017eurite<\/strong> s prijavom!<\/p>\n<p>Dvije kategorije sudionika JobIT 2024. dana karijera u IT-ju mogu prijaviti sudjelovanje na kvizu:<\/p>\n<ul>\n<li>studenti\/u\u010denici<\/li>\n<li>tvrtke\/nastavnici<\/li>\n<\/ul>\n<p>&nbsp;<\/p>\n<p><strong>OTP banka<\/strong> osigurava prigodne <strong>nagrade <\/strong>za <strong>prva tri mjesta<\/strong> u kategoriji studenti\/u\u010denici i za <strong>prvo mjesto<\/strong> u kategoriji tvrtke\/nastavnici.<\/p>\n<p>Kona\u010dne <strong>potvrde sudjelovanja<\/strong> primit \u0107ete na registriranu email adresu.<\/p>\n<p>[\/et_pb_text][\/et_pb_column][\/et_pb_row][\/et_pb_section][et_pb_section fb_built=&#8221;1&#8243; custom_padding_last_edited=&#8221;on|phone&#8221; disabled_on=&#8221;off|off|off&#8221; _builder_version=&#8221;4.24.2&#8243; background_enable_color=&#8221;off&#8221; custom_margin=&#8221;||||false|false&#8221; custom_margin_tablet=&#8221;&#8221; custom_margin_phone=&#8221;&#8221; custom_margin_last_edited=&#8221;on|desktop&#8221; custom_padding=&#8221;0px||||false|false&#8221; custom_padding_tablet=&#8221;0px||||false|false&#8221; custom_padding_phone=&#8221;0px||||false|false&#8221; global_colors_info=&#8221;{}&#8221;][et_pb_row column_structure=&#8221;1_2,1_2&#8243; _builder_version=&#8221;4.16&#8243; background_size=&#8221;initial&#8221; background_position=&#8221;top_left&#8221; background_repeat=&#8221;repeat&#8221; global_colors_info=&#8221;{}&#8221;][et_pb_column type=&#8221;1_2&#8243; _builder_version=&#8221;4.16&#8243; custom_padding=&#8221;|||&#8221; global_colors_info=&#8221;{}&#8221; custom_padding__hover=&#8221;|||&#8221;][et_pb_text _builder_version=&#8221;4.24.2&#8243; text_font=&#8221;Jura||||||||&#8221; text_font_size=&#8221;20px&#8221; header_font=&#8221;Jura||||||||&#8221; background_size=&#8221;initial&#8221; background_position=&#8221;top_left&#8221; background_repeat=&#8221;repeat&#8221; animation_style=&#8221;flip&#8221; global_colors_info=&#8221;{}&#8221;]<\/p>\n<div class=\"forminator-ui forminator-custom-form forminator-custom-form-262 forminator-design--flat  forminator_ajax\" data-forminator-render=\"0\" data-form=\"forminator-module-262\" data-uid=\"69f489f3dd0b7\"><br\/><\/div><form\n\t\t\t\tid=\"forminator-module-262\"\n\t\t\t\tclass=\"forminator-ui forminator-custom-form forminator-custom-form-262 forminator-design--flat  forminator_ajax\"\n\t\t\t\tmethod=\"post\"\n\t\t\t\tdata-forminator-render=\"0\"\n\t\t\t\tdata-form-id=\"262\"\n\t\t\t\t\n\t\t\t\tdata-design=\"flat\"\n\t\t\t\t\n\t\t\t\t\n\t\t\t\t\n\t\t\t\tdata-grid=\"open\"\n\t\t\t\t\n\t\t\t\t\n\t\t\t\tstyle=\"display: none;\"\n\t\t\t\t\n\t\t\t\tdata-uid=\"69f489f3dd0b7\"\n\t\t\t><div role=\"alert\" aria-live=\"polite\" class=\"forminator-response-message forminator-error\" aria-hidden=\"true\"><\/div><div class=\"forminator-row\"><div id=\"email-1\" class=\"forminator-field-email forminator-col forminator-col-12 \"><div class=\"forminator-field\"><label for=\"forminator-field-email-1_69f489f3dd0b7\" id=\"forminator-field-email-1_69f489f3dd0b7-label\" class=\"forminator-label\">Adresa e-po\u0161te <span class=\"forminator-required\">*<\/span><\/label><input type=\"email\" name=\"email-1\" value=\"\" placeholder=\"Va\u0161a e-po\u0161ta\" id=\"forminator-field-email-1_69f489f3dd0b7\" class=\"forminator-input forminator-email--field\" data-required=\"1\" aria-required=\"true\" aria-describedby=\"forminator-field-email-1_69f489f3dd0b7-description\" \/><span id=\"forminator-field-email-1_69f489f3dd0b7-description\" class=\"forminator-description\">Na ovu adresu primit \u0107ete kona\u010dnu potvrdu sudjelovanja<\/span><\/div><\/div><\/div><div class=\"forminator-row\"><div id=\"name-1\" class=\"forminator-field-name forminator-col forminator-col-12 \"><div class=\"forminator-field\"><label for=\"forminator-field-name-1_69f489f3dd0b7\" id=\"forminator-field-name-1_69f489f3dd0b7-label\" class=\"forminator-label\">Ime i prezime prijavitelja <span class=\"forminator-required\">*<\/span><\/label><input type=\"text\" name=\"name-1\" value=\"\" placeholder=\"Va\u0161 odgovor\" id=\"forminator-field-name-1_69f489f3dd0b7\" class=\"forminator-input forminator-name--field\" aria-required=\"true\" \/><\/div><\/div><\/div><div class=\"forminator-row\"><div id=\"radio-1\" class=\"forminator-field-radio forminator-col forminator-col-12 \"><div role=\"radiogroup\" class=\"forminator-field\" aria-labelledby=\"forminator-radiogroup-69f489f3dd0b7-label\" aria-describedby=\"forminator-radiogroup-69f489f3dd0b7-description\"><span id=\"forminator-radiogroup-69f489f3dd0b7-label\" class=\"forminator-label\">Kategorija kviza\u0161a <span class=\"forminator-required\">*<\/span><\/span><label id=\"forminator-field-radio-1-label-1\" for=\"forminator-field-radio-1-1-69f489f3dd0b7\" class=\"forminator-radio\" title=\"studenti\/u\u010denici\"><input type=\"radio\" name=\"radio-1\" value=\"one\" id=\"forminator-field-radio-1-1-69f489f3dd0b7\" aria-labelledby=\"forminator-field-radio-1-label-1\" data-calculation=\"0\"   data-hidden-behavior=\"zero\" aria-describedby=\"forminator-field-radio-1-69f489f3dd0b7-description\"\/><span class=\"forminator-radio-bullet\" aria-hidden=\"true\"><\/span><span class=\"forminator-radio-label\">studenti\/u\u010denici<\/span><\/label><label id=\"forminator-field-radio-1-label-2\" for=\"forminator-field-radio-1-2-69f489f3dd0b7\" class=\"forminator-radio\" title=\"tvrtke\/nastavnici\"><input type=\"radio\" name=\"radio-1\" value=\"nastavnici\" id=\"forminator-field-radio-1-2-69f489f3dd0b7\" aria-labelledby=\"forminator-field-radio-1-label-2\" data-calculation=\"0\"   data-hidden-behavior=\"zero\" aria-describedby=\"forminator-field-radio-1-69f489f3dd0b7-description\"\/><span class=\"forminator-radio-bullet\" aria-hidden=\"true\"><\/span><span class=\"forminator-radio-label\">tvrtke\/nastavnici<\/span><\/label><\/div><\/div><\/div><div class=\"forminator-row\"><div id=\"name-2\" class=\"forminator-field-name forminator-col forminator-col-12 \"><div class=\"forminator-field\"><label for=\"forminator-field-name-2_69f489f3dd0b7\" id=\"forminator-field-name-2_69f489f3dd0b7-label\" class=\"forminator-label\">Naziv tima <span class=\"forminator-required\">*<\/span><\/label><input type=\"text\" name=\"name-2\" value=\"\" placeholder=\"Va\u0161 odgovor\" id=\"forminator-field-name-2_69f489f3dd0b7\" class=\"forminator-input forminator-name--field\" aria-required=\"true\" \/><\/div><\/div><\/div><div class=\"forminator-row\"><div id=\"textarea-1\" class=\"forminator-field-textarea forminator-col forminator-col-12 \"><div class=\"forminator-field\"><label for=\"forminator-field-textarea-1_69f489f3dd0b7\" id=\"forminator-field-textarea-1_69f489f3dd0b7-label\" class=\"forminator-label\">Imena i prezimena \u010dlanova tima <span class=\"forminator-required\">*<\/span><\/label><textarea name=\"textarea-1\" placeholder=\"Va\u0161 odgovor\" id=\"forminator-field-textarea-1_69f489f3dd0b7\" class=\"forminator-textarea\" rows=\"6\" style=\"min-height:140px;\" aria-describedby=\"forminator-field-textarea-1_69f489f3dd0b7-description\" ><\/textarea><span id=\"forminator-field-textarea-1_69f489f3dd0b7-description\" class=\"forminator-description\">Unose odvojite zarezima<\/span><\/div><\/div><\/div><div class=\"forminator-row\"><div id=\"captcha-1\" class=\"forminator-field-captcha forminator-col forminator-col-12 \"><div class=\"forminator-g-recaptcha recaptcha-invisible\" data-theme=\"light\" data-badge=\"bottomright\" data-sitekey=\"6LeAFbEpAAAAAHY6Xw3S8I2E7Gl9Lks_hOZed4Zx\" data-size=\"invisible\"><\/div> <\/div><\/div><input type=\"hidden\" name=\"referer_url\" value=\"\" \/><div class=\"forminator-row forminator-row-last\"><div class=\"forminator-col\"><div class=\"forminator-field\"><button class=\"forminator-button forminator-button-submit\">Po&scaron;alji prijavu<\/button><\/div><\/div><\/div><input type=\"hidden\" id=\"forminator_nonce\" name=\"forminator_nonce\" value=\"fd4ec7bba4\" \/><input type=\"hidden\" name=\"_wp_http_referer\" value=\"\/index.php\/wp-json\/wp\/v2\/pages\/258\" \/><input type=\"hidden\" name=\"form_id\" value=\"262\"><input type=\"hidden\" name=\"page_id\" value=\"258\"><input type=\"hidden\" name=\"form_type\" value=\"default\"><input type=\"hidden\" name=\"current_url\" value=\"https:\/\/jobit.unizd.hr\/index.php\/prijava-kviz\/\"><input type=\"hidden\" name=\"render_id\" value=\"0\"><input type=\"hidden\" name=\"action\" value=\"forminator_submit_form_custom-forms\"><\/form>\n<p>[\/et_pb_text][\/et_pb_column][et_pb_column type=&#8221;1_2&#8243; _builder_version=&#8221;4.16&#8243; custom_padding=&#8221;|||&#8221; global_colors_info=&#8221;{}&#8221; custom_padding__hover=&#8221;|||&#8221;][et_pb_text disabled_on=&#8221;on|on|off&#8221; _builder_version=&#8221;4.24.2&#8243; _module_preset=&#8221;default&#8221; text_font=&#8221;Jura||||||||&#8221; text_text_color=&#8221;#000000&#8243; text_font_size=&#8221;20px&#8221; custom_margin=&#8221;||||false|false&#8221; custom_margin_tablet=&#8221;&#8221; custom_margin_phone=&#8221;&#8221; custom_margin_last_edited=&#8221;on|desktop&#8221; custom_padding=&#8221;||||false|false&#8221; animation_style=&#8221;flip&#8221; text_font_size_tablet=&#8221;16px&#8221; text_font_size_phone=&#8221;16px&#8221; text_font_size_last_edited=&#8221;on|desktop&#8221; global_colors_info=&#8221;{}&#8221;]<\/p>\n<p>Prijavite sudjelovanje na PubIT kvizu koji \u0107e se odr\u017eati <strong>9. 5. 2025.<\/strong> s po\u010detkom u <strong>19:30<\/strong> u <strong>GUMA Baru<\/strong> <em>(\u0160iroka ul. 18, 23000 Zadar)<\/em>.<\/p>\n<p><span>Ovogodi\u0161nji kviz organiziran je u suradnji s Kviza\u0161kom udrugom Zadar.<\/span><\/p>\n<p><strong>Prijave se zatvaraju 9.5.2025. u 15:00 sati!<\/strong><\/p>\n<p><strong>Timovi su \u010detvorke <\/strong>(maksimalno).<br \/>Ukupan broj timova bit \u0107e ograni\u010den u skladu s raspolo\u017eivim brojem stolova, stoga <strong>po\u017eurite<\/strong> s prijavom!<\/p>\n<p>Dvije kategorije sudionika JobIT 2024. dana karijera u IT-ju mogu prijaviti sudjelovanje na kvizu:<\/p>\n<ul>\n<li>studenti\/u\u010denici<\/li>\n<li>tvrtke\/nastavnici<\/li>\n<\/ul>\n<p><strong>OTP banka<\/strong> osigurava prigodne <strong>nagrade <\/strong>za <strong>prva tri mjesta<\/strong> u kategoriji studenti\/u\u010denici i za <strong>prvo mjesto<\/strong> u kategoriji tvrtke\/nastavnici.<\/p>\n<p>Kona\u010dne <strong>potvrde sudjelovanja<\/strong> primit \u0107ete na registriranu email adresu.<\/p>\n<div>\n<div>\n<div>\u00a0<\/div>\n<\/div>\n<\/div>\n<p>[\/et_pb_text][\/et_pb_column][\/et_pb_row][\/et_pb_section]<\/p>\n","protected":false},"excerpt":{"rendered":"<p>Zahvaljujemo svim prijavljenim timovima: CognistadorsCassandra.#KIMNull pointeriToceni Psenicni PaulanerSnjeguljica i Tri PatuljkaZabranjeno Pu\u0161enjeTSND Nisu popunjena sva mjesta, tako da su online prijave jo\u0161 uvijek otvorene, a mo\u017eete se prijaviti i na licu mjesta! Vidimo se ve\u010deras u 19:30 u Guma baru!Prijavite sudjelovanje na PubIT kvizu koji \u0107e se odr\u017eati 9. 5. 2025. s po\u010detkom u 19:30 [&hellip;]<\/p>\n","protected":false},"author":1,"featured_media":0,"parent":0,"menu_order":0,"comment_status":"closed","ping_status":"closed","template":"","meta":{"_et_pb_use_builder":"on","_et_pb_old_content":"<p>[forminator_form id=\"262\"]<\/p>","_et_gb_content_width":"","footnotes":""},"class_list":["post-258","page","type-page","status-publish","hentry"],"_links":{"self":[{"href":"https:\/\/jobit.unizd.hr\/index.php\/wp-json\/wp\/v2\/pages\/258","targetHints":{"allow":["GET"]}}],"collection":[{"href":"https:\/\/jobit.unizd.hr\/index.php\/wp-json\/wp\/v2\/pages"}],"about":[{"href":"https:\/\/jobit.unizd.hr\/index.php\/wp-json\/wp\/v2\/types\/page"}],"author":[{"embeddable":true,"href":"https:\/\/jobit.unizd.hr\/index.php\/wp-json\/wp\/v2\/users\/1"}],"replies":[{"embeddable":true,"href":"https:\/\/jobit.unizd.hr\/index.php\/wp-json\/wp\/v2\/comments?post=258"}],"version-history":[{"count":50,"href":"https:\/\/jobit.unizd.hr\/index.php\/wp-json\/wp\/v2\/pages\/258\/revisions"}],"predecessor-version":[{"id":1372,"href":"https:\/\/jobit.unizd.hr\/index.php\/wp-json\/wp\/v2\/pages\/258\/revisions\/1372"}],"wp:attachment":[{"href":"https:\/\/jobit.unizd.hr\/index.php\/wp-json\/wp\/v2\/media?parent=258"}],"curies":[{"name":"wp","href":"https:\/\/api.w.org\/{rel}","templated":true}]}}